{"id":4532,"date":"2023-10-16T13:31:50","date_gmt":"2023-10-16T13:31:50","guid":{"rendered":"https:\/\/johansundkvist.se\/samarbeid-og-partnerskap\/"},"modified":"2024-02-26T08:22:58","modified_gmt":"2024-02-26T08:22:58","slug":"samarbeid-og-partnerskap","status":"publish","type":"page","link":"https:\/\/johansundkvist.se\/no\/samarbeid-og-partnerskap\/","title":{"rendered":"Samarbeid og partnerskap"},"content":{"rendered":"\n<p>P\u00e5 johansundkvist.se tror jeg p\u00e5 kraften i samarbeid. Sammen med n\u00f8ye utvalgte partnere, merkevarer og kolleger i bloggverdenen har jeg utforsket teknologiens grenser, delt innsikt og skapt verdifullt innhold for dere, mine kj\u00e6re lesere. Nedenfor f\u00f8lger en oversikt over noen av disse samarbeidene og hvordan de har beriket v\u00e5r felles reise i den digitale verden.<\/p>\n<div class=\"wpforms-container wpforms-container-full\" id=\"wpforms-2930\"><form id=\"wpforms-form-2930\" class=\"wpforms-validate wpforms-form wpforms-ajax-form\" data-formid=\"2930\" method=\"post\" enctype=\"multipart\/form-data\" action=\"\/no\/wp-json\/wp\/v2\/pages\/4532\" data-token=\"fc7164b6ccffd1e2771772295f201b3b\"><noscript class=\"wpforms-error-noscript\">Please enable JavaScript in your browser to complete this form.<\/noscript><div class=\"wpforms-field-container\"><div id=\"wpforms-2930-field_0-container\" class=\"wpforms-field wpforms-field-name\" data-field-id=\"0\"><label class=\"wpforms-field-label\" for=\"wpforms-2930-field_0\">Name <span class=\"wpforms-required-label\">*<\/span><\/label><input type=\"text\" id=\"wpforms-2930-field_0\" class=\"wpforms-field-medium wpforms-field-required\" name=\"wpforms[fields][0]\" required><\/div><div id=\"wpforms-2930-field_8-container\" class=\"wpforms-field wpforms-field-checkbox\" data-field-id=\"8\"><label class=\"wpforms-field-label\" for=\"wpforms-2930-field_8\">Why are you contacting us?<\/label><ul id=\"wpforms-2930-field_8\"><li class=\"choice-1 depth-1\"><input type=\"checkbox\" id=\"wpforms-2930-field_8_1\" name=\"wpforms[fields][8][]\" value=\"Advertising\"  ><label class=\"wpforms-field-label-inline\" for=\"wpforms-2930-field_8_1\">Advertising<\/label><\/li><li class=\"choice-2 depth-1\"><input type=\"checkbox\" id=\"wpforms-2930-field_8_2\" name=\"wpforms[fields][8][]\" value=\"Tips\"  ><label class=\"wpforms-field-label-inline\" for=\"wpforms-2930-field_8_2\">Tips<\/label><\/li><li class=\"choice-3 depth-1\"><input type=\"checkbox\" id=\"wpforms-2930-field_8_3\" name=\"wpforms[fields][8][]\" value=\"Other\"  ><label class=\"wpforms-field-label-inline\" for=\"wpforms-2930-field_8_3\">Other<\/label><\/li><\/ul><\/div><div id=\"wpforms-2930-field_7-container\" class=\"wpforms-field wpforms-field-text\" data-field-id=\"7\"><label class=\"wpforms-field-label\" for=\"wpforms-2930-field_7\">Your company name<\/label><input type=\"text\" id=\"wpforms-2930-field_7\" class=\"wpforms-field-medium\" name=\"wpforms[fields][7]\" ><\/div><div id=\"wpforms-2930-field_6-container\" class=\"wpforms-field wpforms-field-email\" data-field-id=\"6\"><label class=\"wpforms-field-label\" for=\"wpforms-2930-field_6\">Email  <span class=\"wpforms-required-label\">*<\/span><\/label><input type=\"email\" id=\"wpforms-2930-field_6\" class=\"wpforms-field-medium wpforms-field-required\" name=\"wpforms[fields][6]\" spellcheck=\"false\" required><\/div><div id=\"wpforms-2930-field_2-container\" class=\"wpforms-field wpforms-field-textarea\" data-field-id=\"2\"><label class=\"wpforms-field-label\" for=\"wpforms-2930-field_2\">Your message <span class=\"wpforms-required-label\">*<\/span><\/label><textarea id=\"wpforms-2930-field_2\" class=\"wpforms-field-medium wpforms-field-required\" name=\"wpforms[fields][2]\" required><\/textarea><\/div><\/div><!-- .wpforms-field-container --><div class=\"wpforms-recaptcha-container wpforms-is-hcaptcha\" ><div class=\"g-recaptcha\" data-sitekey=\"34fbaa3f-2deb-4ed1-8fba-3f7e900742ec\"><\/div><input type=\"text\" name=\"g-recaptcha-hidden\" class=\"wpforms-recaptcha-hidden\" style=\"position:absolute!important;clip:rect(0,0,0,0)!important;height:1px!important;width:1px!important;border:0!important;overflow:hidden!important;padding:0!important;margin:0!important;\" data-rule-hcaptcha=\"1\"><\/div><div class=\"wpforms-submit-container\" ><input type=\"hidden\" name=\"wpforms[id]\" value=\"2930\"><input type=\"hidden\" name=\"wpforms[author]\" value=\"1\"><button type=\"submit\" name=\"wpforms[submit]\" id=\"wpforms-submit-2930\" class=\"wpforms-submit\" data-alt-text=\"Sending...\" data-submit-text=\"Send\" aria-live=\"assertive\" value=\"wpforms-submit\">Send<\/button><img loading=\"lazy\" loading=\"lazy\" decoding=\"async\" src=\"https:\/\/johansundkvist.se\/wp-content\/plugins\/wpforms-lite\/assets\/images\/submit-spin.svg\" class=\"wpforms-submit-spinner\" style=\"display: none;\" width=\"26\" height=\"26\" alt=\"Loading\"><\/div><\/form><\/div>  <!-- .wpforms-container -->\n\n<h3 class=\"wp-block-heading\">Forretningssamarbeid<\/h3>\n\n<p><strong>NextTech Solutions<\/strong><\/p>\n\n<ul class=\"wp-block-list\">\n<li><strong>Type samarbeid:<\/strong> Produktanmeldelser<\/li>\n\n\n\n<li><strong>Oversikt:<\/strong> I samarbeid med NextTech Solutions har jeg f\u00e5tt muligheten til \u00e5 teste og anmelde de nyeste teknologiproduktene deres, slik at leserne mine f\u00e5r forh\u00e5ndsvarsel om markedets mest lovende innovasjoner.<\/li>\n<\/ul>\n\n<p><strong>Connective Digital<\/strong><\/p>\n\n<ul class=\"wp-block-list\">\n<li><strong>Type samarbeid:<\/strong> Sponsede innlegg<\/li>\n\n\n\n<li><strong>Oversikt:<\/strong> Sammen med Connective Digital har vi laget en serie dybdeartikler om fremtidens kommunikasjonsteknologi som gir leserne innsikt i hvordan vi kommer til \u00e5 kommunisere i \u00e5rene som kommer.<\/li>\n<\/ul>\n\n<h3 class=\"wp-block-heading\">Bloggsamarbeid<\/h3>\n\n<p><strong>TechTales med Lisa Bergstr\u00f6m<\/strong><\/p>\n\n<ul class=\"wp-block-list\">\n<li><strong>Type samarbeid:<\/strong> Gjesteblogging<\/li>\n\n\n\n<li><strong>Oversikt:<\/strong> Lisa, en fremtredende teknologiblogger, bes\u00f8kte nylig johansundkvist.se for \u00e5 dele sin innsikt i cybersikkerhet, et tema som er sv\u00e6rt viktig i v\u00e5r digitale tidsalder.<\/li>\n<\/ul>\n","protected":false},"excerpt":{"rendered":"<p>P\u00e5 johansundkvist.se tror jeg p\u00e5 kraften i samarbeid. Sammen med n\u00f8ye utvalgte partnere, merkevarer og kolleger i bloggverdenen har jeg utforsket teknologiens grenser, delt innsikt og skapt verdifullt innhold for dere, mine kj\u00e6re lesere. Nedenfor f\u00f8lger en oversikt over noen av disse samarbeidene og hvordan de har beriket v\u00e5r felles reise i den digitale verden. [&hellip;]<\/p>\n","protected":false},"author":1,"featured_media":4145,"parent":0,"menu_order":0,"comment_status":"closed","ping_status":"closed","template":"","meta":{"footnotes":""},"class_list":["post-4532","page","type-page","status-publish","has-post-thumbnail"],"yoast_head":"<!-- This site is optimized with the Yoast SEO plugin v22.0 - https:\/\/yoast.com\/wordpress\/plugins\/seo\/ -->\n<title>Samarbeid og partnerskap - Johan Sundkvist<\/title>\n<meta name=\"robots\" content=\"index, follow, max-snippet:-1, max-image-preview:large, max-video-preview:-1\" \/>\n<link rel=\"canonical\" href=\"https:\/\/johansundkvist.se\/no\/samarbeid-og-partnerskap\/\" \/>\n<meta property=\"og:locale\" content=\"nb_NO\" \/>\n<meta property=\"og:type\" content=\"article\" \/>\n<meta property=\"og:title\" content=\"Samarbeid og partnerskap - Johan Sundkvist\" \/>\n<meta property=\"og:description\" content=\"P\u00e5 johansundkvist.se tror jeg p\u00e5 kraften i samarbeid. Sammen med n\u00f8ye utvalgte partnere, merkevarer og kolleger i bloggverdenen har jeg utforsket teknologiens grenser, delt innsikt og skapt verdifullt innhold for dere, mine kj\u00e6re lesere. Nedenfor f\u00f8lger en oversikt over noen av disse samarbeidene og hvordan de har beriket v\u00e5r felles reise i den digitale verden. [&hellip;]\" \/>\n<meta property=\"og:url\" content=\"https:\/\/johansundkvist.se\/no\/samarbeid-og-partnerskap\/\" \/>\n<meta property=\"og:site_name\" content=\"Johan Sundkvist\" \/>\n<meta property=\"article:modified_time\" content=\"2024-02-26T08:22:58+00:00\" \/>\n<meta property=\"og:image\" content=\"https:\/\/johansundkvist.se\/wp-content\/uploads\/2023\/10\/Namnlos-design-2023-10-02T112529.273.jpg\" \/>\n\t<meta property=\"og:image:width\" content=\"1290\" \/>\n\t<meta property=\"og:image:height\" content=\"790\" \/>\n\t<meta property=\"og:image:type\" content=\"image\/jpeg\" \/>\n<meta name=\"twitter:card\" content=\"summary_large_image\" \/>\n<meta name=\"twitter:label1\" content=\"Ansl. lesetid\" \/>\n\t<meta name=\"twitter:data1\" content=\"1 minutt\" \/>\n<script type=\"application\/ld+json\" class=\"yoast-schema-graph\">{\"@context\":\"https:\/\/schema.org\",\"@graph\":[{\"@type\":\"WebPage\",\"@id\":\"https:\/\/johansundkvist.se\/no\/samarbeid-og-partnerskap\/\",\"url\":\"https:\/\/johansundkvist.se\/no\/samarbeid-og-partnerskap\/\",\"name\":\"Samarbeid og partnerskap - Johan Sundkvist\",\"isPartOf\":{\"@id\":\"https:\/\/johansundkvist.se\/#website\"},\"datePublished\":\"2023-10-16T13:31:50+00:00\",\"dateModified\":\"2024-02-26T08:22:58+00:00\",\"breadcrumb\":{\"@id\":\"https:\/\/johansundkvist.se\/no\/samarbeid-og-partnerskap\/#breadcrumb\"},\"inLanguage\":\"nb-NO\",\"potentialAction\":[{\"@type\":\"ReadAction\",\"target\":[\"https:\/\/johansundkvist.se\/no\/samarbeid-og-partnerskap\/\"]}]},{\"@type\":\"BreadcrumbList\",\"@id\":\"https:\/\/johansundkvist.se\/no\/samarbeid-og-partnerskap\/#breadcrumb\",\"itemListElement\":[{\"@type\":\"ListItem\",\"position\":1,\"name\":\"Hem\",\"item\":\"https:\/\/johansundkvist.se\/no\/johan-sundkvist\/\"},{\"@type\":\"ListItem\",\"position\":2,\"name\":\"Samarbeid og partnerskap\"}]},{\"@type\":\"WebSite\",\"@id\":\"https:\/\/johansundkvist.se\/#website\",\"url\":\"https:\/\/johansundkvist.se\/\",\"name\":\"Johan Sundkvist\",\"description\":\"Inneh\u00e5ll i alla former\",\"potentialAction\":[{\"@type\":\"SearchAction\",\"target\":{\"@type\":\"EntryPoint\",\"urlTemplate\":\"https:\/\/johansundkvist.se\/?s={search_term_string}\"},\"query-input\":\"required name=search_term_string\"}],\"inLanguage\":\"nb-NO\"}]}<\/script>\n<!-- \/ Yoast SEO plugin. -->","yoast_head_json":{"title":"Samarbeid og partnerskap - Johan Sundkvist","robots":{"index":"index","follow":"follow","max-snippet":"max-snippet:-1","max-image-preview":"max-image-preview:large","max-video-preview":"max-video-preview:-1"},"canonical":"https:\/\/johansundkvist.se\/no\/samarbeid-og-partnerskap\/","og_locale":"nb_NO","og_type":"article","og_title":"Samarbeid og partnerskap - Johan Sundkvist","og_description":"P\u00e5 johansundkvist.se tror jeg p\u00e5 kraften i samarbeid. Sammen med n\u00f8ye utvalgte partnere, merkevarer og kolleger i bloggverdenen har jeg utforsket teknologiens grenser, delt innsikt og skapt verdifullt innhold for dere, mine kj\u00e6re lesere. Nedenfor f\u00f8lger en oversikt over noen av disse samarbeidene og hvordan de har beriket v\u00e5r felles reise i den digitale verden. [&hellip;]","og_url":"https:\/\/johansundkvist.se\/no\/samarbeid-og-partnerskap\/","og_site_name":"Johan Sundkvist","article_modified_time":"2024-02-26T08:22:58+00:00","og_image":[{"width":1290,"height":790,"url":"https:\/\/johansundkvist.se\/wp-content\/uploads\/2023\/10\/Namnlos-design-2023-10-02T112529.273.jpg","type":"image\/jpeg"}],"twitter_card":"summary_large_image","twitter_misc":{"Ansl. lesetid":"1 minutt"},"schema":{"@context":"https:\/\/schema.org","@graph":[{"@type":"WebPage","@id":"https:\/\/johansundkvist.se\/no\/samarbeid-og-partnerskap\/","url":"https:\/\/johansundkvist.se\/no\/samarbeid-og-partnerskap\/","name":"Samarbeid og partnerskap - Johan Sundkvist","isPartOf":{"@id":"https:\/\/johansundkvist.se\/#website"},"datePublished":"2023-10-16T13:31:50+00:00","dateModified":"2024-02-26T08:22:58+00:00","breadcrumb":{"@id":"https:\/\/johansundkvist.se\/no\/samarbeid-og-partnerskap\/#breadcrumb"},"inLanguage":"nb-NO","potentialAction":[{"@type":"ReadAction","target":["https:\/\/johansundkvist.se\/no\/samarbeid-og-partnerskap\/"]}]},{"@type":"BreadcrumbList","@id":"https:\/\/johansundkvist.se\/no\/samarbeid-og-partnerskap\/#breadcrumb","itemListElement":[{"@type":"ListItem","position":1,"name":"Hem","item":"https:\/\/johansundkvist.se\/no\/johan-sundkvist\/"},{"@type":"ListItem","position":2,"name":"Samarbeid og partnerskap"}]},{"@type":"WebSite","@id":"https:\/\/johansundkvist.se\/#website","url":"https:\/\/johansundkvist.se\/","name":"Johan Sundkvist","description":"Inneh\u00e5ll i alla former","potentialAction":[{"@type":"SearchAction","target":{"@type":"EntryPoint","urlTemplate":"https:\/\/johansundkvist.se\/?s={search_term_string}"},"query-input":"required name=search_term_string"}],"inLanguage":"nb-NO"}]}},"_links":{"self":[{"href":"https:\/\/johansundkvist.se\/no\/wp-json\/wp\/v2\/pages\/4532","targetHints":{"allow":["GET"]}}],"collection":[{"href":"https:\/\/johansundkvist.se\/no\/wp-json\/wp\/v2\/pages"}],"about":[{"href":"https:\/\/johansundkvist.se\/no\/wp-json\/wp\/v2\/types\/page"}],"author":[{"embeddable":true,"href":"https:\/\/johansundkvist.se\/no\/wp-json\/wp\/v2\/users\/1"}],"replies":[{"embeddable":true,"href":"https:\/\/johansundkvist.se\/no\/wp-json\/wp\/v2\/comments?post=4532"}],"version-history":[{"count":1,"href":"https:\/\/johansundkvist.se\/no\/wp-json\/wp\/v2\/pages\/4532\/revisions"}],"predecessor-version":[{"id":4541,"href":"https:\/\/johansundkvist.se\/no\/wp-json\/wp\/v2\/pages\/4532\/revisions\/4541"}],"wp:featuredmedia":[{"embeddable":true,"href":"https:\/\/johansundkvist.se\/no\/wp-json\/wp\/v2\/media\/4145"}],"wp:attachment":[{"href":"https:\/\/johansundkvist.se\/no\/wp-json\/wp\/v2\/media?parent=4532"}],"curies":[{"name":"wp","href":"https:\/\/api.w.org\/{rel}","templated":true}]}}