{"id":4439,"date":"2023-10-16T13:28:17","date_gmt":"2023-10-16T13:28:17","guid":{"rendered":"https:\/\/johansundkvist.se\/johan-sundkvist\/"},"modified":"2024-02-26T08:22:52","modified_gmt":"2024-02-26T08:22:52","slug":"johan-sundkvist","status":"publish","type":"page","link":"https:\/\/johansundkvist.se\/fi\/johan-sundkvist\/","title":{"rendered":"Johan Sundkvist"},"content":{"rendered":"\n<p>Tervetuloa johansundkvist.se-sivustolle, paikkaan, jossa tekniikan huippu kohtaa arkisen uteliaisuuden. Nimeni on Johan Sundkvist, ja t\u00e4m\u00e4 on digitaalinen kotini. Sallikaa minun esitell\u00e4 itseni.<\/p>\n\n<p>Alkaen siit\u00e4, kun purin leluja (vanhempieni kauhuksi) ymm\u00e4rt\u00e4\u00e4kseni, miten ne toimivat, ja nyt analysoin uusimpia teknologisia trendej\u00e4 lukijoilleni, rakkauteni tekniikkaan on kulkenut l\u00e4pi el\u00e4m\u00e4ni.<\/p>\n\n<p>Matkani teknologiamaailmassa on vienyt minut monien seikkailujen l\u00e4pi &#8211; omien tietokoneiden rakentamisesta ohjelmoinnin kokeilemiseen ja syv\u00e4lle teko\u00e4lyn ja koneoppimisen j\u00e4nnitt\u00e4v\u00e4\u00e4n maailmaan sukeltamiseen. Jokainen uusi l\u00f6yt\u00f6 on vain lis\u00e4nnyt tiedonjanoani.<\/p>\n\n<p>T\u00e4m\u00e4n blogin avulla pyrin jakamaan intohimoni, n\u00e4kemykseni ja uteliaisuuteni. Haluan, ett\u00e4 johansundkvist.se on resurssi muille teknologian harrastajille, paikka, jossa voimme oppia, kasvaa ja tutkia teknologian rajoja yhdess\u00e4.<\/p>\n\n<p>Kiitos, ett\u00e4 vierailit sivustollani. T\u00e4st\u00e4 alkaa teknologinen matkamme.<\/p>\n<div class=\"wpforms-container wpforms-container-full\" id=\"wpforms-2930\"><form id=\"wpforms-form-2930\" class=\"wpforms-validate wpforms-form wpforms-ajax-form\" data-formid=\"2930\" method=\"post\" enctype=\"multipart\/form-data\" action=\"\/fi\/wp-json\/wp\/v2\/pages\/4439\" data-token=\"fc7164b6ccffd1e2771772295f201b3b\"><noscript class=\"wpforms-error-noscript\">Please enable JavaScript in your browser to complete this form.<\/noscript><div class=\"wpforms-field-container\"><div id=\"wpforms-2930-field_0-container\" class=\"wpforms-field wpforms-field-name\" data-field-id=\"0\"><label class=\"wpforms-field-label\" for=\"wpforms-2930-field_0\">Name <span class=\"wpforms-required-label\">*<\/span><\/label><input type=\"text\" id=\"wpforms-2930-field_0\" class=\"wpforms-field-medium wpforms-field-required\" name=\"wpforms[fields][0]\" required><\/div><div id=\"wpforms-2930-field_8-container\" class=\"wpforms-field wpforms-field-checkbox\" data-field-id=\"8\"><label class=\"wpforms-field-label\" for=\"wpforms-2930-field_8\">Why are you contacting us?<\/label><ul id=\"wpforms-2930-field_8\"><li class=\"choice-1 depth-1\"><input type=\"checkbox\" id=\"wpforms-2930-field_8_1\" name=\"wpforms[fields][8][]\" value=\"Advertising\"  ><label class=\"wpforms-field-label-inline\" for=\"wpforms-2930-field_8_1\">Advertising<\/label><\/li><li class=\"choice-2 depth-1\"><input type=\"checkbox\" id=\"wpforms-2930-field_8_2\" name=\"wpforms[fields][8][]\" value=\"Tips\"  ><label class=\"wpforms-field-label-inline\" for=\"wpforms-2930-field_8_2\">Tips<\/label><\/li><li class=\"choice-3 depth-1\"><input type=\"checkbox\" id=\"wpforms-2930-field_8_3\" name=\"wpforms[fields][8][]\" value=\"Other\"  ><label class=\"wpforms-field-label-inline\" for=\"wpforms-2930-field_8_3\">Other<\/label><\/li><\/ul><\/div><div id=\"wpforms-2930-field_7-container\" class=\"wpforms-field wpforms-field-text\" data-field-id=\"7\"><label class=\"wpforms-field-label\" for=\"wpforms-2930-field_7\">Your company name<\/label><input type=\"text\" id=\"wpforms-2930-field_7\" class=\"wpforms-field-medium\" name=\"wpforms[fields][7]\" ><\/div><div id=\"wpforms-2930-field_6-container\" class=\"wpforms-field wpforms-field-email\" data-field-id=\"6\"><label class=\"wpforms-field-label\" for=\"wpforms-2930-field_6\">Email  <span class=\"wpforms-required-label\">*<\/span><\/label><input type=\"email\" id=\"wpforms-2930-field_6\" class=\"wpforms-field-medium wpforms-field-required\" name=\"wpforms[fields][6]\" spellcheck=\"false\" required><\/div><div id=\"wpforms-2930-field_2-container\" class=\"wpforms-field wpforms-field-textarea\" data-field-id=\"2\"><label class=\"wpforms-field-label\" for=\"wpforms-2930-field_2\">Your message <span class=\"wpforms-required-label\">*<\/span><\/label><textarea id=\"wpforms-2930-field_2\" class=\"wpforms-field-medium wpforms-field-required\" name=\"wpforms[fields][2]\" required><\/textarea><\/div><\/div><!-- .wpforms-field-container --><div class=\"wpforms-recaptcha-container wpforms-is-hcaptcha\" ><div class=\"g-recaptcha\" data-sitekey=\"34fbaa3f-2deb-4ed1-8fba-3f7e900742ec\"><\/div><input type=\"text\" name=\"g-recaptcha-hidden\" class=\"wpforms-recaptcha-hidden\" style=\"position:absolute!important;clip:rect(0,0,0,0)!important;height:1px!important;width:1px!important;border:0!important;overflow:hidden!important;padding:0!important;margin:0!important;\" data-rule-hcaptcha=\"1\"><\/div><div class=\"wpforms-submit-container\" ><input type=\"hidden\" name=\"wpforms[id]\" value=\"2930\"><input type=\"hidden\" name=\"wpforms[author]\" value=\"1\"><button type=\"submit\" name=\"wpforms[submit]\" id=\"wpforms-submit-2930\" class=\"wpforms-submit\" data-alt-text=\"Sending...\" data-submit-text=\"Send\" aria-live=\"assertive\" value=\"wpforms-submit\">Send<\/button><img loading=\"lazy\" loading=\"lazy\" decoding=\"async\" src=\"https:\/\/johansundkvist.se\/wp-content\/plugins\/wpforms-lite\/assets\/images\/submit-spin.svg\" class=\"wpforms-submit-spinner\" style=\"display: none;\" width=\"26\" height=\"26\" alt=\"Loading\"><\/div><\/form><\/div>  <!-- .wpforms-container -->\n","protected":false},"excerpt":{"rendered":"<p>Tervetuloa johansundkvist.se-sivustolle, paikkaan, jossa tekniikan huippu kohtaa arkisen uteliaisuuden. Nimeni on Johan Sundkvist, ja t\u00e4m\u00e4 on digitaalinen kotini. Sallikaa minun esitell\u00e4 itseni. Alkaen siit\u00e4, kun purin leluja (vanhempieni kauhuksi) ymm\u00e4rt\u00e4\u00e4kseni, miten ne toimivat, ja nyt analysoin uusimpia teknologisia trendej\u00e4 lukijoilleni, rakkauteni tekniikkaan on kulkenut l\u00e4pi el\u00e4m\u00e4ni. Matkani teknologiamaailmassa on vienyt minut monien seikkailujen l\u00e4pi &#8211; [&hellip;]<\/p>\n","protected":false},"author":1,"featured_media":3688,"parent":0,"menu_order":0,"comment_status":"closed","ping_status":"closed","template":"","meta":{"footnotes":""},"class_list":["post-4439","page","type-page","status-publish","has-post-thumbnail"],"yoast_head":"<!-- This site is optimized with the Yoast SEO plugin v22.0 - https:\/\/yoast.com\/wordpress\/plugins\/seo\/ -->\n<title>Johan Sundkvist - Johan Sundkvist<\/title>\n<meta name=\"robots\" content=\"index, follow, max-snippet:-1, max-image-preview:large, max-video-preview:-1\" \/>\n<link rel=\"canonical\" href=\"https:\/\/johansundkvist.se\/fi\/johan-sundkvist\/\" \/>\n<meta property=\"og:locale\" content=\"fi_FI\" \/>\n<meta property=\"og:type\" content=\"article\" \/>\n<meta property=\"og:title\" content=\"Johan Sundkvist - Johan Sundkvist\" \/>\n<meta property=\"og:description\" content=\"Tervetuloa johansundkvist.se-sivustolle, paikkaan, jossa tekniikan huippu kohtaa arkisen uteliaisuuden. Nimeni on Johan Sundkvist, ja t\u00e4m\u00e4 on digitaalinen kotini. Sallikaa minun esitell\u00e4 itseni. Alkaen siit\u00e4, kun purin leluja (vanhempieni kauhuksi) ymm\u00e4rt\u00e4\u00e4kseni, miten ne toimivat, ja nyt analysoin uusimpia teknologisia trendej\u00e4 lukijoilleni, rakkauteni tekniikkaan on kulkenut l\u00e4pi el\u00e4m\u00e4ni. Matkani teknologiamaailmassa on vienyt minut monien seikkailujen l\u00e4pi &#8211; [&hellip;]\" \/>\n<meta property=\"og:url\" content=\"https:\/\/johansundkvist.se\/fi\/johan-sundkvist\/\" \/>\n<meta property=\"og:site_name\" content=\"Johan Sundkvist\" \/>\n<meta property=\"article:modified_time\" content=\"2024-02-26T08:22:52+00:00\" \/>\n<meta property=\"og:image\" content=\"https:\/\/johansundkvist.se\/wp-content\/uploads\/2021\/07\/full-shot-man-having-fun-with-electric-scooter.jpg\" \/>\n\t<meta property=\"og:image:width\" content=\"1000\" \/>\n\t<meta property=\"og:image:height\" content=\"665\" \/>\n\t<meta property=\"og:image:type\" content=\"image\/jpeg\" \/>\n<meta name=\"twitter:card\" content=\"summary_large_image\" \/>\n<meta name=\"twitter:label1\" content=\"Arvioitu lukuaika\" \/>\n\t<meta name=\"twitter:data1\" content=\"1 minuutti\" \/>\n<script type=\"application\/ld+json\" class=\"yoast-schema-graph\">{\"@context\":\"https:\/\/schema.org\",\"@graph\":[{\"@type\":\"WebPage\",\"@id\":\"https:\/\/johansundkvist.se\/fi\/johan-sundkvist\/\",\"url\":\"https:\/\/johansundkvist.se\/fi\/johan-sundkvist\/\",\"name\":\"Johan Sundkvist - Johan Sundkvist\",\"isPartOf\":{\"@id\":\"https:\/\/johansundkvist.se\/#website\"},\"datePublished\":\"2023-10-16T13:28:17+00:00\",\"dateModified\":\"2024-02-26T08:22:52+00:00\",\"breadcrumb\":{\"@id\":\"https:\/\/johansundkvist.se\/fi\/johan-sundkvist\/#breadcrumb\"},\"inLanguage\":\"fi\",\"potentialAction\":[{\"@type\":\"ReadAction\",\"target\":[\"https:\/\/johansundkvist.se\/fi\/johan-sundkvist\/\"]}]},{\"@type\":\"BreadcrumbList\",\"@id\":\"https:\/\/johansundkvist.se\/fi\/johan-sundkvist\/#breadcrumb\",\"itemListElement\":[{\"@type\":\"ListItem\",\"position\":1,\"name\":\"Hem\",\"item\":\"https:\/\/johansundkvist.se\/fi\/johan-sundkvist-2\/\"},{\"@type\":\"ListItem\",\"position\":2,\"name\":\"Johan Sundkvist\"}]},{\"@type\":\"WebSite\",\"@id\":\"https:\/\/johansundkvist.se\/#website\",\"url\":\"https:\/\/johansundkvist.se\/\",\"name\":\"Johan Sundkvist\",\"description\":\"Inneh\u00e5ll i alla former\",\"potentialAction\":[{\"@type\":\"SearchAction\",\"target\":{\"@type\":\"EntryPoint\",\"urlTemplate\":\"https:\/\/johansundkvist.se\/?s={search_term_string}\"},\"query-input\":\"required name=search_term_string\"}],\"inLanguage\":\"fi\"}]}<\/script>\n<!-- \/ Yoast SEO plugin. -->","yoast_head_json":{"title":"Johan Sundkvist - Johan Sundkvist","robots":{"index":"index","follow":"follow","max-snippet":"max-snippet:-1","max-image-preview":"max-image-preview:large","max-video-preview":"max-video-preview:-1"},"canonical":"https:\/\/johansundkvist.se\/fi\/johan-sundkvist\/","og_locale":"fi_FI","og_type":"article","og_title":"Johan Sundkvist - Johan Sundkvist","og_description":"Tervetuloa johansundkvist.se-sivustolle, paikkaan, jossa tekniikan huippu kohtaa arkisen uteliaisuuden. Nimeni on Johan Sundkvist, ja t\u00e4m\u00e4 on digitaalinen kotini. Sallikaa minun esitell\u00e4 itseni. Alkaen siit\u00e4, kun purin leluja (vanhempieni kauhuksi) ymm\u00e4rt\u00e4\u00e4kseni, miten ne toimivat, ja nyt analysoin uusimpia teknologisia trendej\u00e4 lukijoilleni, rakkauteni tekniikkaan on kulkenut l\u00e4pi el\u00e4m\u00e4ni. Matkani teknologiamaailmassa on vienyt minut monien seikkailujen l\u00e4pi &#8211; [&hellip;]","og_url":"https:\/\/johansundkvist.se\/fi\/johan-sundkvist\/","og_site_name":"Johan Sundkvist","article_modified_time":"2024-02-26T08:22:52+00:00","og_image":[{"width":1000,"height":665,"url":"https:\/\/johansundkvist.se\/wp-content\/uploads\/2021\/07\/full-shot-man-having-fun-with-electric-scooter.jpg","type":"image\/jpeg"}],"twitter_card":"summary_large_image","twitter_misc":{"Arvioitu lukuaika":"1 minuutti"},"schema":{"@context":"https:\/\/schema.org","@graph":[{"@type":"WebPage","@id":"https:\/\/johansundkvist.se\/fi\/johan-sundkvist\/","url":"https:\/\/johansundkvist.se\/fi\/johan-sundkvist\/","name":"Johan Sundkvist - Johan Sundkvist","isPartOf":{"@id":"https:\/\/johansundkvist.se\/#website"},"datePublished":"2023-10-16T13:28:17+00:00","dateModified":"2024-02-26T08:22:52+00:00","breadcrumb":{"@id":"https:\/\/johansundkvist.se\/fi\/johan-sundkvist\/#breadcrumb"},"inLanguage":"fi","potentialAction":[{"@type":"ReadAction","target":["https:\/\/johansundkvist.se\/fi\/johan-sundkvist\/"]}]},{"@type":"BreadcrumbList","@id":"https:\/\/johansundkvist.se\/fi\/johan-sundkvist\/#breadcrumb","itemListElement":[{"@type":"ListItem","position":1,"name":"Hem","item":"https:\/\/johansundkvist.se\/fi\/johan-sundkvist-2\/"},{"@type":"ListItem","position":2,"name":"Johan Sundkvist"}]},{"@type":"WebSite","@id":"https:\/\/johansundkvist.se\/#website","url":"https:\/\/johansundkvist.se\/","name":"Johan Sundkvist","description":"Inneh\u00e5ll i alla former","potentialAction":[{"@type":"SearchAction","target":{"@type":"EntryPoint","urlTemplate":"https:\/\/johansundkvist.se\/?s={search_term_string}"},"query-input":"required name=search_term_string"}],"inLanguage":"fi"}]}},"_links":{"self":[{"href":"https:\/\/johansundkvist.se\/fi\/wp-json\/wp\/v2\/pages\/4439","targetHints":{"allow":["GET"]}}],"collection":[{"href":"https:\/\/johansundkvist.se\/fi\/wp-json\/wp\/v2\/pages"}],"about":[{"href":"https:\/\/johansundkvist.se\/fi\/wp-json\/wp\/v2\/types\/page"}],"author":[{"embeddable":true,"href":"https:\/\/johansundkvist.se\/fi\/wp-json\/wp\/v2\/users\/1"}],"replies":[{"embeddable":true,"href":"https:\/\/johansundkvist.se\/fi\/wp-json\/wp\/v2\/comments?post=4439"}],"version-history":[{"count":1,"href":"https:\/\/johansundkvist.se\/fi\/wp-json\/wp\/v2\/pages\/4439\/revisions"}],"predecessor-version":[{"id":4449,"href":"https:\/\/johansundkvist.se\/fi\/wp-json\/wp\/v2\/pages\/4439\/revisions\/4449"}],"wp:featuredmedia":[{"embeddable":true,"href":"https:\/\/johansundkvist.se\/fi\/wp-json\/wp\/v2\/media\/3688"}],"wp:attachment":[{"href":"https:\/\/johansundkvist.se\/fi\/wp-json\/wp\/v2\/media?parent=4439"}],"curies":[{"name":"wp","href":"https:\/\/api.w.org\/{rel}","templated":true}]}}