{"id":4491,"date":"2023-10-16T13:28:28","date_gmt":"2023-10-16T13:28:28","guid":{"rendered":"https:\/\/johansundkvist.se\/datenschutz-cookie-richtlinie\/"},"modified":"2024-02-26T08:22:56","modified_gmt":"2024-02-26T08:22:56","slug":"datenschutz-cookie-richtlinie","status":"publish","type":"page","link":"https:\/\/johansundkvist.se\/de\/datenschutz-cookie-richtlinie\/","title":{"rendered":"Datenschutz &amp; Cookie-Richtlinie"},"content":{"rendered":"\n<h3 class=\"wp-block-heading\">Datenschutzbestimmungen:<\/h3>\n\n<p>Bei johansundkvist.se sch\u00e4tzen wir Ihre Privatsph\u00e4re. Wir sind uns der Bedeutung des Schutzes Ihrer pers\u00f6nlichen Daten bewusst und haben daher diese Richtlinie erstellt, um zu erl\u00e4utern, wie wir Ihre Daten erfassen, verwenden und sch\u00fctzen.<\/p>\n\n<ol class=\"wp-block-list\">\n<li><strong>Informationen, die wir sammeln:<\/strong> Wir sammeln nur die Informationen, die Sie uns freiwillig geben, z. B. wenn Sie sich f\u00fcr unseren Newsletter anmelden oder einen Beitrag kommentieren.<\/li>\n\n\n\n<li><strong>Wie wir Ihre Daten verwenden:<\/strong> Ihre Privatsph\u00e4re ist uns wichtig, und wir verwenden Ihre Daten nur f\u00fcr den Zweck, f\u00fcr den Sie sie uns zur Verf\u00fcgung gestellt haben.<\/li>\n\n\n\n<li><strong>Schutz Ihrer Daten:<\/strong> Wir haben verschiedene Sicherheitsma\u00dfnahmen ergriffen, um zu gew\u00e4hrleisten, dass Ihre pers\u00f6nlichen Daten sicher sind.<\/li>\n<\/ol>\n\n<h3 class=\"wp-block-heading\">Cookie-Richtlinie:<\/h3>\n\n<p>Diese Website verwendet Cookies, um Ihre Erfahrung zu verbessern und um anonyme Nutzerdaten f\u00fcr Analysen und Werbung zu sammeln.<\/p>\n\n<ol class=\"wp-block-list\">\n<li><strong>Was sind Cookies?<\/strong>  Cookies sind kleine Textdateien, die auf Ihrem Computer gespeichert werden, wenn Sie bestimmte Websites besuchen.<\/li>\n\n\n\n<li><strong>Wie wir Cookies verwenden:<\/strong> Wir verwenden Cookies, um zu verstehen, wie Besucher mit unserer Website interagieren, was uns hilft, die Benutzerfreundlichkeit zu verbessern.<\/li>\n\n\n\n<li><strong>Wie man Cookies verwaltet:<\/strong> Die meisten Browser erm\u00f6glichen es Ihnen, Cookies zu l\u00f6schen, zu blockieren oder Sie zu warnen, bevor ein Cookie auf Ihrem Computer gespeichert wird. In der Hilfe Ihres Browsers finden Sie weitere Informationen.<\/li>\n<\/ol>\n","protected":false},"excerpt":{"rendered":"<p>Datenschutzbestimmungen: Bei johansundkvist.se sch\u00e4tzen wir Ihre Privatsph\u00e4re. Wir sind uns der Bedeutung des Schutzes Ihrer pers\u00f6nlichen Daten bewusst und haben daher diese Richtlinie erstellt, um zu erl\u00e4utern, wie wir Ihre Daten erfassen, verwenden und sch\u00fctzen. Cookie-Richtlinie: Diese Website verwendet Cookies, um Ihre Erfahrung zu verbessern und um anonyme Nutzerdaten f\u00fcr Analysen und Werbung zu sammeln.<\/p>\n","protected":false},"author":1,"featured_media":3589,"parent":0,"menu_order":0,"comment_status":"closed","ping_status":"closed","template":"","meta":{"footnotes":""},"class_list":["post-4491","page","type-page","status-publish","has-post-thumbnail"],"yoast_head":"<!-- This site is optimized with the Yoast SEO plugin v22.0 - https:\/\/yoast.com\/wordpress\/plugins\/seo\/ -->\n<title>Datenschutz &amp; Cookie-Richtlinie - Johan Sundkvist<\/title>\n<meta name=\"robots\" content=\"index, follow, max-snippet:-1, max-image-preview:large, max-video-preview:-1\" \/>\n<link rel=\"canonical\" href=\"https:\/\/johansundkvist.se\/de\/datenschutz-cookie-richtlinie\/\" \/>\n<meta property=\"og:locale\" content=\"de_DE\" \/>\n<meta property=\"og:type\" content=\"article\" \/>\n<meta property=\"og:title\" content=\"Datenschutz &amp; Cookie-Richtlinie - Johan Sundkvist\" \/>\n<meta property=\"og:description\" content=\"Datenschutzbestimmungen: Bei johansundkvist.se sch\u00e4tzen wir Ihre Privatsph\u00e4re. Wir sind uns der Bedeutung des Schutzes Ihrer pers\u00f6nlichen Daten bewusst und haben daher diese Richtlinie erstellt, um zu erl\u00e4utern, wie wir Ihre Daten erfassen, verwenden und sch\u00fctzen. Cookie-Richtlinie: Diese Website verwendet Cookies, um Ihre Erfahrung zu verbessern und um anonyme Nutzerdaten f\u00fcr Analysen und Werbung zu sammeln.\" \/>\n<meta property=\"og:url\" content=\"https:\/\/johansundkvist.se\/de\/datenschutz-cookie-richtlinie\/\" \/>\n<meta property=\"og:site_name\" content=\"Johan Sundkvist\" \/>\n<meta property=\"article:modified_time\" content=\"2024-02-26T08:22:56+00:00\" \/>\n<meta property=\"og:image\" content=\"https:\/\/johansundkvist.se\/wp-content\/uploads\/2015\/11\/11.jpg\" \/>\n\t<meta property=\"og:image:width\" content=\"1170\" \/>\n\t<meta property=\"og:image:height\" content=\"1755\" \/>\n\t<meta property=\"og:image:type\" content=\"image\/jpeg\" \/>\n<meta name=\"twitter:card\" content=\"summary_large_image\" \/>\n<meta name=\"twitter:label1\" content=\"Gesch\u00e4tzte Lesezeit\" \/>\n\t<meta name=\"twitter:data1\" content=\"1\u00a0Minute\" \/>\n<script type=\"application\/ld+json\" class=\"yoast-schema-graph\">{\"@context\":\"https:\/\/schema.org\",\"@graph\":[{\"@type\":\"WebPage\",\"@id\":\"https:\/\/johansundkvist.se\/de\/datenschutz-cookie-richtlinie\/\",\"url\":\"https:\/\/johansundkvist.se\/de\/datenschutz-cookie-richtlinie\/\",\"name\":\"Datenschutz &amp; Cookie-Richtlinie - Johan Sundkvist\",\"isPartOf\":{\"@id\":\"https:\/\/johansundkvist.se\/#website\"},\"datePublished\":\"2023-10-16T13:28:28+00:00\",\"dateModified\":\"2024-02-26T08:22:56+00:00\",\"breadcrumb\":{\"@id\":\"https:\/\/johansundkvist.se\/de\/datenschutz-cookie-richtlinie\/#breadcrumb\"},\"inLanguage\":\"de\",\"potentialAction\":[{\"@type\":\"ReadAction\",\"target\":[\"https:\/\/johansundkvist.se\/de\/datenschutz-cookie-richtlinie\/\"]}]},{\"@type\":\"BreadcrumbList\",\"@id\":\"https:\/\/johansundkvist.se\/de\/datenschutz-cookie-richtlinie\/#breadcrumb\",\"itemListElement\":[{\"@type\":\"ListItem\",\"position\":1,\"name\":\"Hem\",\"item\":\"https:\/\/johansundkvist.se\/de\/johan-sundkvist\/\"},{\"@type\":\"ListItem\",\"position\":2,\"name\":\"Datenschutz &amp; Cookie-Richtlinie\"}]},{\"@type\":\"WebSite\",\"@id\":\"https:\/\/johansundkvist.se\/#website\",\"url\":\"https:\/\/johansundkvist.se\/\",\"name\":\"Johan Sundkvist\",\"description\":\"Inneh\u00e5ll i alla former\",\"potentialAction\":[{\"@type\":\"SearchAction\",\"target\":{\"@type\":\"EntryPoint\",\"urlTemplate\":\"https:\/\/johansundkvist.se\/?s={search_term_string}\"},\"query-input\":\"required name=search_term_string\"}],\"inLanguage\":\"de\"}]}<\/script>\n<!-- \/ Yoast SEO plugin. -->","yoast_head_json":{"title":"Datenschutz &amp; Cookie-Richtlinie - Johan Sundkvist","robots":{"index":"index","follow":"follow","max-snippet":"max-snippet:-1","max-image-preview":"max-image-preview:large","max-video-preview":"max-video-preview:-1"},"canonical":"https:\/\/johansundkvist.se\/de\/datenschutz-cookie-richtlinie\/","og_locale":"de_DE","og_type":"article","og_title":"Datenschutz &amp; Cookie-Richtlinie - Johan Sundkvist","og_description":"Datenschutzbestimmungen: Bei johansundkvist.se sch\u00e4tzen wir Ihre Privatsph\u00e4re. Wir sind uns der Bedeutung des Schutzes Ihrer pers\u00f6nlichen Daten bewusst und haben daher diese Richtlinie erstellt, um zu erl\u00e4utern, wie wir Ihre Daten erfassen, verwenden und sch\u00fctzen. Cookie-Richtlinie: Diese Website verwendet Cookies, um Ihre Erfahrung zu verbessern und um anonyme Nutzerdaten f\u00fcr Analysen und Werbung zu sammeln.","og_url":"https:\/\/johansundkvist.se\/de\/datenschutz-cookie-richtlinie\/","og_site_name":"Johan Sundkvist","article_modified_time":"2024-02-26T08:22:56+00:00","og_image":[{"width":1170,"height":1755,"url":"https:\/\/johansundkvist.se\/wp-content\/uploads\/2015\/11\/11.jpg","type":"image\/jpeg"}],"twitter_card":"summary_large_image","twitter_misc":{"Gesch\u00e4tzte Lesezeit":"1\u00a0Minute"},"schema":{"@context":"https:\/\/schema.org","@graph":[{"@type":"WebPage","@id":"https:\/\/johansundkvist.se\/de\/datenschutz-cookie-richtlinie\/","url":"https:\/\/johansundkvist.se\/de\/datenschutz-cookie-richtlinie\/","name":"Datenschutz &amp; Cookie-Richtlinie - Johan Sundkvist","isPartOf":{"@id":"https:\/\/johansundkvist.se\/#website"},"datePublished":"2023-10-16T13:28:28+00:00","dateModified":"2024-02-26T08:22:56+00:00","breadcrumb":{"@id":"https:\/\/johansundkvist.se\/de\/datenschutz-cookie-richtlinie\/#breadcrumb"},"inLanguage":"de","potentialAction":[{"@type":"ReadAction","target":["https:\/\/johansundkvist.se\/de\/datenschutz-cookie-richtlinie\/"]}]},{"@type":"BreadcrumbList","@id":"https:\/\/johansundkvist.se\/de\/datenschutz-cookie-richtlinie\/#breadcrumb","itemListElement":[{"@type":"ListItem","position":1,"name":"Hem","item":"https:\/\/johansundkvist.se\/de\/johan-sundkvist\/"},{"@type":"ListItem","position":2,"name":"Datenschutz &amp; Cookie-Richtlinie"}]},{"@type":"WebSite","@id":"https:\/\/johansundkvist.se\/#website","url":"https:\/\/johansundkvist.se\/","name":"Johan Sundkvist","description":"Inneh\u00e5ll i alla former","potentialAction":[{"@type":"SearchAction","target":{"@type":"EntryPoint","urlTemplate":"https:\/\/johansundkvist.se\/?s={search_term_string}"},"query-input":"required name=search_term_string"}],"inLanguage":"de"}]}},"_links":{"self":[{"href":"https:\/\/johansundkvist.se\/de\/wp-json\/wp\/v2\/pages\/4491","targetHints":{"allow":["GET"]}}],"collection":[{"href":"https:\/\/johansundkvist.se\/de\/wp-json\/wp\/v2\/pages"}],"about":[{"href":"https:\/\/johansundkvist.se\/de\/wp-json\/wp\/v2\/types\/page"}],"author":[{"embeddable":true,"href":"https:\/\/johansundkvist.se\/de\/wp-json\/wp\/v2\/users\/1"}],"replies":[{"embeddable":true,"href":"https:\/\/johansundkvist.se\/de\/wp-json\/wp\/v2\/comments?post=4491"}],"version-history":[{"count":1,"href":"https:\/\/johansundkvist.se\/de\/wp-json\/wp\/v2\/pages\/4491\/revisions"}],"predecessor-version":[{"id":4501,"href":"https:\/\/johansundkvist.se\/de\/wp-json\/wp\/v2\/pages\/4491\/revisions\/4501"}],"wp:featuredmedia":[{"embeddable":true,"href":"https:\/\/johansundkvist.se\/de\/wp-json\/wp\/v2\/media\/3589"}],"wp:attachment":[{"href":"https:\/\/johansundkvist.se\/de\/wp-json\/wp\/v2\/media?parent=4491"}],"curies":[{"name":"wp","href":"https:\/\/api.w.org\/{rel}","templated":true}]}}