{"id":4443,"date":"2023-10-16T13:30:13","date_gmt":"2023-10-16T13:30:13","guid":{"rendered":"https:\/\/johansundkvist.se\/begivenheder-og-webinarer\/"},"modified":"2024-02-26T08:22:55","modified_gmt":"2024-02-26T08:22:55","slug":"begivenheder-og-webinarer","status":"publish","type":"page","link":"https:\/\/johansundkvist.se\/da\/begivenheder-og-webinarer\/","title":{"rendered":"Begivenheder og webinarer"},"content":{"rendered":"\n<p>Velkommen til min sektion for events og webinarer p\u00e5 johansundkvist.se. Her finder du information om de seneste og kommende teknologibegivenheder, jeg deltager i, samt de webinarer, jeg arrangerer eller anbefaler. Tag med os p\u00e5 en rejse, hvor vi l\u00e6rer, netv\u00e6rker og dykker ned i teknologiens verden.<\/p>\n\n<h3 class=\"wp-block-heading\">Kommende begivenheder:<\/h3>\n\n<p><strong>TeknikExpo 2023<\/strong> <em>Dato:<\/em> 12. &#8211; 14. november 2023 <em>Sted:<\/em> Stockholmsm\u00e4ssan, Stockholm <em>Beskrivelse:<\/em> En af de st\u00f8rste teknologimesser i Norden, hvor jeg vil holde et opl\u00e6g om fremtidens mobilteknologi. Kom og netv\u00e6rk med branchens ledere, opdag nye innovationer, og l\u00e6r mere om, hvad fremtiden bringer.<\/p>\n\n<p><strong>Webinar: Introduktion til AI<\/strong> <em>Dato<\/em>: 5. december 2023 <em>Sted:<\/em> Online (link sendes efter tilmelding) <em>Beskrivelse<\/em>: Jeg inviterer dig til et interaktivt webinar, hvor vi diskuterer det grundl\u00e6ggende i kunstig intelligens, dens anvendelser, og hvordan den p\u00e5virker vores hverdag.<\/p>\n\n<h3 class=\"wp-block-heading\">Tidligere begivenheder:<\/h3>\n\n<p><strong>IoT Konferensen 2023<\/strong> <em>Dato:<\/em> 7. september 2023 <em>Sted:<\/em> G\u00f6teborgsOperan, G\u00f6teborg <em>Resum\u00e9:<\/em> Et fantastisk arrangement, hvor jeg havde det privilegium at tale om sikkerhed i Internet of Things. Havde sp\u00e6ndende diskussioner og m\u00f8dte mange ligesindede teknologientusiaster.<\/p>\n\n<hr class=\"wp-block-separator has-alpha-channel-opacity\"\/>\n\n<p>Vil du informeres om fremtidige events og webinarer? Tilmeld dig mit nyhedsbrev, eller f\u00f8lg mig p\u00e5 de sociale medier for at f\u00e5 de seneste opdateringer. Vi gl\u00e6der os til at se dig der!<\/p>\n","protected":false},"excerpt":{"rendered":"<p>Velkommen til min sektion for events og webinarer p\u00e5 johansundkvist.se. Her finder du information om de seneste og kommende teknologibegivenheder, jeg deltager i, samt de webinarer, jeg arrangerer eller anbefaler. Tag med os p\u00e5 en rejse, hvor vi l\u00e6rer, netv\u00e6rker og dykker ned i teknologiens verden. Kommende begivenheder: TeknikExpo 2023 Dato: 12. &#8211; 14. november [&hellip;]<\/p>\n","protected":false},"author":1,"featured_media":4116,"parent":0,"menu_order":0,"comment_status":"closed","ping_status":"closed","template":"","meta":{"footnotes":""},"class_list":["post-4443","page","type-page","status-publish","has-post-thumbnail"],"yoast_head":"<!-- This site is optimized with the Yoast SEO plugin v22.0 - https:\/\/yoast.com\/wordpress\/plugins\/seo\/ -->\n<title>Begivenheder og webinarer - Johan Sundkvist<\/title>\n<meta name=\"robots\" content=\"index, follow, max-snippet:-1, max-image-preview:large, max-video-preview:-1\" \/>\n<link rel=\"canonical\" href=\"https:\/\/johansundkvist.se\/da\/begivenheder-og-webinarer\/\" \/>\n<meta property=\"og:locale\" content=\"da_DK\" \/>\n<meta property=\"og:type\" content=\"article\" \/>\n<meta property=\"og:title\" content=\"Begivenheder og webinarer - Johan Sundkvist\" \/>\n<meta property=\"og:description\" content=\"Velkommen til min sektion for events og webinarer p\u00e5 johansundkvist.se. Her finder du information om de seneste og kommende teknologibegivenheder, jeg deltager i, samt de webinarer, jeg arrangerer eller anbefaler. Tag med os p\u00e5 en rejse, hvor vi l\u00e6rer, netv\u00e6rker og dykker ned i teknologiens verden. Kommende begivenheder: TeknikExpo 2023 Dato: 12. &#8211; 14. november [&hellip;]\" \/>\n<meta property=\"og:url\" content=\"https:\/\/johansundkvist.se\/da\/begivenheder-og-webinarer\/\" \/>\n<meta property=\"og:site_name\" content=\"Johan Sundkvist\" \/>\n<meta property=\"article:modified_time\" content=\"2024-02-26T08:22:55+00:00\" \/>\n<meta property=\"og:image\" content=\"https:\/\/johansundkvist.se\/wp-content\/uploads\/2023\/07\/pexels-andrea-piacquadio-3811336-scaled.jpg\" \/>\n\t<meta property=\"og:image:width\" content=\"2560\" \/>\n\t<meta property=\"og:image:height\" content=\"1727\" \/>\n\t<meta property=\"og:image:type\" content=\"image\/jpeg\" \/>\n<meta name=\"twitter:card\" content=\"summary_large_image\" \/>\n<meta name=\"twitter:label1\" content=\"Estimeret l\u00e6setid\" \/>\n\t<meta name=\"twitter:data1\" content=\"1 minut\" \/>\n<script type=\"application\/ld+json\" class=\"yoast-schema-graph\">{\"@context\":\"https:\/\/schema.org\",\"@graph\":[{\"@type\":\"WebPage\",\"@id\":\"https:\/\/johansundkvist.se\/da\/begivenheder-og-webinarer\/\",\"url\":\"https:\/\/johansundkvist.se\/da\/begivenheder-og-webinarer\/\",\"name\":\"Begivenheder og webinarer - Johan Sundkvist\",\"isPartOf\":{\"@id\":\"https:\/\/johansundkvist.se\/#website\"},\"datePublished\":\"2023-10-16T13:30:13+00:00\",\"dateModified\":\"2024-02-26T08:22:55+00:00\",\"breadcrumb\":{\"@id\":\"https:\/\/johansundkvist.se\/da\/begivenheder-og-webinarer\/#breadcrumb\"},\"inLanguage\":\"da-DK\",\"potentialAction\":[{\"@type\":\"ReadAction\",\"target\":[\"https:\/\/johansundkvist.se\/da\/begivenheder-og-webinarer\/\"]}]},{\"@type\":\"BreadcrumbList\",\"@id\":\"https:\/\/johansundkvist.se\/da\/begivenheder-og-webinarer\/#breadcrumb\",\"itemListElement\":[{\"@type\":\"ListItem\",\"position\":1,\"name\":\"Hem\",\"item\":\"https:\/\/johansundkvist.se\/da\/johan-sundkvist\/\"},{\"@type\":\"ListItem\",\"position\":2,\"name\":\"Begivenheder og webinarer\"}]},{\"@type\":\"WebSite\",\"@id\":\"https:\/\/johansundkvist.se\/#website\",\"url\":\"https:\/\/johansundkvist.se\/\",\"name\":\"Johan Sundkvist\",\"description\":\"Inneh\u00e5ll i alla former\",\"potentialAction\":[{\"@type\":\"SearchAction\",\"target\":{\"@type\":\"EntryPoint\",\"urlTemplate\":\"https:\/\/johansundkvist.se\/?s={search_term_string}\"},\"query-input\":\"required name=search_term_string\"}],\"inLanguage\":\"da-DK\"}]}<\/script>\n<!-- \/ Yoast SEO plugin. -->","yoast_head_json":{"title":"Begivenheder og webinarer - Johan Sundkvist","robots":{"index":"index","follow":"follow","max-snippet":"max-snippet:-1","max-image-preview":"max-image-preview:large","max-video-preview":"max-video-preview:-1"},"canonical":"https:\/\/johansundkvist.se\/da\/begivenheder-og-webinarer\/","og_locale":"da_DK","og_type":"article","og_title":"Begivenheder og webinarer - Johan Sundkvist","og_description":"Velkommen til min sektion for events og webinarer p\u00e5 johansundkvist.se. Her finder du information om de seneste og kommende teknologibegivenheder, jeg deltager i, samt de webinarer, jeg arrangerer eller anbefaler. Tag med os p\u00e5 en rejse, hvor vi l\u00e6rer, netv\u00e6rker og dykker ned i teknologiens verden. Kommende begivenheder: TeknikExpo 2023 Dato: 12. &#8211; 14. november [&hellip;]","og_url":"https:\/\/johansundkvist.se\/da\/begivenheder-og-webinarer\/","og_site_name":"Johan Sundkvist","article_modified_time":"2024-02-26T08:22:55+00:00","og_image":[{"width":2560,"height":1727,"url":"https:\/\/johansundkvist.se\/wp-content\/uploads\/2023\/07\/pexels-andrea-piacquadio-3811336-scaled.jpg","type":"image\/jpeg"}],"twitter_card":"summary_large_image","twitter_misc":{"Estimeret l\u00e6setid":"1 minut"},"schema":{"@context":"https:\/\/schema.org","@graph":[{"@type":"WebPage","@id":"https:\/\/johansundkvist.se\/da\/begivenheder-og-webinarer\/","url":"https:\/\/johansundkvist.se\/da\/begivenheder-og-webinarer\/","name":"Begivenheder og webinarer - Johan Sundkvist","isPartOf":{"@id":"https:\/\/johansundkvist.se\/#website"},"datePublished":"2023-10-16T13:30:13+00:00","dateModified":"2024-02-26T08:22:55+00:00","breadcrumb":{"@id":"https:\/\/johansundkvist.se\/da\/begivenheder-og-webinarer\/#breadcrumb"},"inLanguage":"da-DK","potentialAction":[{"@type":"ReadAction","target":["https:\/\/johansundkvist.se\/da\/begivenheder-og-webinarer\/"]}]},{"@type":"BreadcrumbList","@id":"https:\/\/johansundkvist.se\/da\/begivenheder-og-webinarer\/#breadcrumb","itemListElement":[{"@type":"ListItem","position":1,"name":"Hem","item":"https:\/\/johansundkvist.se\/da\/johan-sundkvist\/"},{"@type":"ListItem","position":2,"name":"Begivenheder og webinarer"}]},{"@type":"WebSite","@id":"https:\/\/johansundkvist.se\/#website","url":"https:\/\/johansundkvist.se\/","name":"Johan Sundkvist","description":"Inneh\u00e5ll i alla former","potentialAction":[{"@type":"SearchAction","target":{"@type":"EntryPoint","urlTemplate":"https:\/\/johansundkvist.se\/?s={search_term_string}"},"query-input":"required name=search_term_string"}],"inLanguage":"da-DK"}]}},"_links":{"self":[{"href":"https:\/\/johansundkvist.se\/da\/wp-json\/wp\/v2\/pages\/4443","targetHints":{"allow":["GET"]}}],"collection":[{"href":"https:\/\/johansundkvist.se\/da\/wp-json\/wp\/v2\/pages"}],"about":[{"href":"https:\/\/johansundkvist.se\/da\/wp-json\/wp\/v2\/types\/page"}],"author":[{"embeddable":true,"href":"https:\/\/johansundkvist.se\/da\/wp-json\/wp\/v2\/users\/1"}],"replies":[{"embeddable":true,"href":"https:\/\/johansundkvist.se\/da\/wp-json\/wp\/v2\/comments?post=4443"}],"version-history":[{"count":1,"href":"https:\/\/johansundkvist.se\/da\/wp-json\/wp\/v2\/pages\/4443\/revisions"}],"predecessor-version":[{"id":4445,"href":"https:\/\/johansundkvist.se\/da\/wp-json\/wp\/v2\/pages\/4443\/revisions\/4445"}],"wp:featuredmedia":[{"embeddable":true,"href":"https:\/\/johansundkvist.se\/da\/wp-json\/wp\/v2\/media\/4116"}],"wp:attachment":[{"href":"https:\/\/johansundkvist.se\/da\/wp-json\/wp\/v2\/media?parent=4443"}],"curies":[{"name":"wp","href":"https:\/\/api.w.org\/{rel}","templated":true}]}}