{"id":4436,"date":"2023-10-16T13:31:50","date_gmt":"2023-10-16T13:31:50","guid":{"rendered":"https:\/\/johansundkvist.se\/samarbejde-og-partnerskaber\/"},"modified":"2024-02-26T08:22:56","modified_gmt":"2024-02-26T08:22:56","slug":"samarbejde-og-partnerskaber","status":"publish","type":"page","link":"https:\/\/johansundkvist.se\/da\/samarbejde-og-partnerskaber\/","title":{"rendered":"Samarbejde og partnerskaber"},"content":{"rendered":"\n<p>P\u00e5 johansundkvist.se tror jeg p\u00e5 styrken ved samarbejde. Sammen med n\u00f8je udvalgte partnere, brands og kolleger i blogverdenen har jeg udforsket teknologiens gr\u00e6nser, delt indsigter og skabt v\u00e6rdifuldt indhold til jer, mine k\u00e6re l\u00e6sere. Nedenfor er en oversigt over nogle af disse samarbejder, og hvordan de har beriget vores f\u00e6lles rejse i den digitale verden.<\/p>\n<div class=\"wpforms-container wpforms-container-full\" id=\"wpforms-2930\"><form id=\"wpforms-form-2930\" class=\"wpforms-validate wpforms-form wpforms-ajax-form\" data-formid=\"2930\" method=\"post\" enctype=\"multipart\/form-data\" action=\"\/da\/wp-json\/wp\/v2\/pages\/4436\" data-token=\"fc7164b6ccffd1e2771772295f201b3b\"><noscript class=\"wpforms-error-noscript\">Please enable JavaScript in your browser to complete this form.<\/noscript><div class=\"wpforms-field-container\"><div id=\"wpforms-2930-field_0-container\" class=\"wpforms-field wpforms-field-name\" data-field-id=\"0\"><label class=\"wpforms-field-label\" for=\"wpforms-2930-field_0\">Name <span class=\"wpforms-required-label\">*<\/span><\/label><input type=\"text\" id=\"wpforms-2930-field_0\" class=\"wpforms-field-medium wpforms-field-required\" name=\"wpforms[fields][0]\" required><\/div><div id=\"wpforms-2930-field_8-container\" class=\"wpforms-field wpforms-field-checkbox\" data-field-id=\"8\"><label class=\"wpforms-field-label\" for=\"wpforms-2930-field_8\">Why are you contacting us?<\/label><ul id=\"wpforms-2930-field_8\"><li class=\"choice-1 depth-1\"><input type=\"checkbox\" id=\"wpforms-2930-field_8_1\" name=\"wpforms[fields][8][]\" value=\"Advertising\"  ><label class=\"wpforms-field-label-inline\" for=\"wpforms-2930-field_8_1\">Advertising<\/label><\/li><li class=\"choice-2 depth-1\"><input type=\"checkbox\" id=\"wpforms-2930-field_8_2\" name=\"wpforms[fields][8][]\" value=\"Tips\"  ><label class=\"wpforms-field-label-inline\" for=\"wpforms-2930-field_8_2\">Tips<\/label><\/li><li class=\"choice-3 depth-1\"><input type=\"checkbox\" id=\"wpforms-2930-field_8_3\" name=\"wpforms[fields][8][]\" value=\"Other\"  ><label class=\"wpforms-field-label-inline\" for=\"wpforms-2930-field_8_3\">Other<\/label><\/li><\/ul><\/div><div id=\"wpforms-2930-field_7-container\" class=\"wpforms-field wpforms-field-text\" data-field-id=\"7\"><label class=\"wpforms-field-label\" for=\"wpforms-2930-field_7\">Your company name<\/label><input type=\"text\" id=\"wpforms-2930-field_7\" class=\"wpforms-field-medium\" name=\"wpforms[fields][7]\" ><\/div><div id=\"wpforms-2930-field_6-container\" class=\"wpforms-field wpforms-field-email\" data-field-id=\"6\"><label class=\"wpforms-field-label\" for=\"wpforms-2930-field_6\">Email  <span class=\"wpforms-required-label\">*<\/span><\/label><input type=\"email\" id=\"wpforms-2930-field_6\" class=\"wpforms-field-medium wpforms-field-required\" name=\"wpforms[fields][6]\" spellcheck=\"false\" required><\/div><div id=\"wpforms-2930-field_2-container\" class=\"wpforms-field wpforms-field-textarea\" data-field-id=\"2\"><label class=\"wpforms-field-label\" for=\"wpforms-2930-field_2\">Your message <span class=\"wpforms-required-label\">*<\/span><\/label><textarea id=\"wpforms-2930-field_2\" class=\"wpforms-field-medium wpforms-field-required\" name=\"wpforms[fields][2]\" required><\/textarea><\/div><\/div><!-- .wpforms-field-container --><div class=\"wpforms-recaptcha-container wpforms-is-hcaptcha\" ><div class=\"g-recaptcha\" data-sitekey=\"34fbaa3f-2deb-4ed1-8fba-3f7e900742ec\"><\/div><input type=\"text\" name=\"g-recaptcha-hidden\" class=\"wpforms-recaptcha-hidden\" style=\"position:absolute!important;clip:rect(0,0,0,0)!important;height:1px!important;width:1px!important;border:0!important;overflow:hidden!important;padding:0!important;margin:0!important;\" data-rule-hcaptcha=\"1\"><\/div><div class=\"wpforms-submit-container\" ><input type=\"hidden\" name=\"wpforms[id]\" value=\"2930\"><input type=\"hidden\" name=\"wpforms[author]\" value=\"1\"><button type=\"submit\" name=\"wpforms[submit]\" id=\"wpforms-submit-2930\" class=\"wpforms-submit\" data-alt-text=\"Sending...\" data-submit-text=\"Send\" aria-live=\"assertive\" value=\"wpforms-submit\">Send<\/button><img loading=\"lazy\" loading=\"lazy\" decoding=\"async\" src=\"https:\/\/johansundkvist.se\/wp-content\/plugins\/wpforms-lite\/assets\/images\/submit-spin.svg\" class=\"wpforms-submit-spinner\" style=\"display: none;\" width=\"26\" height=\"26\" alt=\"Loading\"><\/div><\/form><\/div>  <!-- .wpforms-container -->\n\n<h3 class=\"wp-block-heading\">Samarbejde mellem virksomheder<\/h3>\n\n<p><strong>NextTech Solutions<\/strong><\/p>\n\n<ul class=\"wp-block-list\">\n<li><strong>Type af samarbejde:<\/strong> Produktanmeldelser<\/li>\n\n\n\n<li><strong>Oversigt:<\/strong> I samarbejde med NextTech Solutions har jeg haft mulighed for at teste og anmelde deres nyeste teknologiprodukter, s\u00e5 mine l\u00e6sere p\u00e5 forh\u00e5nd kan f\u00e5 besked om markedets mest lovende innovationer.<\/li>\n<\/ul>\n\n<p><strong>Digital forbindelse<\/strong><\/p>\n\n<ul class=\"wp-block-list\">\n<li><strong>Type samarbejde:<\/strong> Sponsorerede indl\u00e6g<\/li>\n\n\n\n<li><strong>Oversigt:<\/strong> Sammen med Connective Digital har vi skabt en serie dybdeg\u00e5ende artikler om fremtidens kommunikationsteknologi, som giver mine l\u00e6sere indsigt i, hvordan vi vil kommunikere i de kommende \u00e5r.<\/li>\n<\/ul>\n\n<h3 class=\"wp-block-heading\">Blog-samarbejder<\/h3>\n\n<p><strong>TechTales med Lisa Bergstr\u00f6m<\/strong><\/p>\n\n<ul class=\"wp-block-list\">\n<li><strong>Type af samarbejde:<\/strong> G\u00e6steblogging<\/li>\n\n\n\n<li><strong>Oversigt:<\/strong> Lisa, en fremtr\u00e6dende teknologiblogger, bes\u00f8gte for nylig johansundkvist.se for at dele sin indsigt i cybersikkerhed, et emne af st\u00f8rste vigtighed i vores digitale tidsalder.<\/li>\n<\/ul>\n","protected":false},"excerpt":{"rendered":"<p>P\u00e5 johansundkvist.se tror jeg p\u00e5 styrken ved samarbejde. Sammen med n\u00f8je udvalgte partnere, brands og kolleger i blogverdenen har jeg udforsket teknologiens gr\u00e6nser, delt indsigter og skabt v\u00e6rdifuldt indhold til jer, mine k\u00e6re l\u00e6sere. Nedenfor er en oversigt over nogle af disse samarbejder, og hvordan de har beriget vores f\u00e6lles rejse i den digitale verden. [&hellip;]<\/p>\n","protected":false},"author":1,"featured_media":4011,"parent":0,"menu_order":0,"comment_status":"closed","ping_status":"closed","template":"","meta":{"footnotes":""},"class_list":["post-4436","page","type-page","status-publish","has-post-thumbnail"],"yoast_head":"<!-- This site is optimized with the Yoast SEO plugin v22.0 - https:\/\/yoast.com\/wordpress\/plugins\/seo\/ -->\n<title>Samarbejde og partnerskaber - Johan Sundkvist<\/title>\n<meta name=\"robots\" content=\"index, follow, max-snippet:-1, max-image-preview:large, max-video-preview:-1\" \/>\n<link rel=\"canonical\" href=\"https:\/\/johansundkvist.se\/da\/samarbejde-og-partnerskaber\/\" \/>\n<meta property=\"og:locale\" content=\"da_DK\" \/>\n<meta property=\"og:type\" content=\"article\" \/>\n<meta property=\"og:title\" content=\"Samarbejde og partnerskaber - Johan Sundkvist\" \/>\n<meta property=\"og:description\" content=\"P\u00e5 johansundkvist.se tror jeg p\u00e5 styrken ved samarbejde. Sammen med n\u00f8je udvalgte partnere, brands og kolleger i blogverdenen har jeg udforsket teknologiens gr\u00e6nser, delt indsigter og skabt v\u00e6rdifuldt indhold til jer, mine k\u00e6re l\u00e6sere. Nedenfor er en oversigt over nogle af disse samarbejder, og hvordan de har beriget vores f\u00e6lles rejse i den digitale verden. [&hellip;]\" \/>\n<meta property=\"og:url\" content=\"https:\/\/johansundkvist.se\/da\/samarbejde-og-partnerskaber\/\" \/>\n<meta property=\"og:site_name\" content=\"Johan Sundkvist\" \/>\n<meta property=\"article:modified_time\" content=\"2024-02-26T08:22:56+00:00\" \/>\n<meta property=\"og:image\" content=\"https:\/\/johansundkvist.se\/wp-content\/uploads\/2023\/02\/butterflies.jpg\" \/>\n\t<meta property=\"og:image:width\" content=\"800\" \/>\n\t<meta property=\"og:image:height\" content=\"633\" \/>\n\t<meta property=\"og:image:type\" content=\"image\/jpeg\" \/>\n<meta name=\"twitter:card\" content=\"summary_large_image\" \/>\n<meta name=\"twitter:label1\" content=\"Estimeret l\u00e6setid\" \/>\n\t<meta name=\"twitter:data1\" content=\"1 minut\" \/>\n<script type=\"application\/ld+json\" class=\"yoast-schema-graph\">{\"@context\":\"https:\/\/schema.org\",\"@graph\":[{\"@type\":\"WebPage\",\"@id\":\"https:\/\/johansundkvist.se\/da\/samarbejde-og-partnerskaber\/\",\"url\":\"https:\/\/johansundkvist.se\/da\/samarbejde-og-partnerskaber\/\",\"name\":\"Samarbejde og partnerskaber - Johan Sundkvist\",\"isPartOf\":{\"@id\":\"https:\/\/johansundkvist.se\/#website\"},\"datePublished\":\"2023-10-16T13:31:50+00:00\",\"dateModified\":\"2024-02-26T08:22:56+00:00\",\"breadcrumb\":{\"@id\":\"https:\/\/johansundkvist.se\/da\/samarbejde-og-partnerskaber\/#breadcrumb\"},\"inLanguage\":\"da-DK\",\"potentialAction\":[{\"@type\":\"ReadAction\",\"target\":[\"https:\/\/johansundkvist.se\/da\/samarbejde-og-partnerskaber\/\"]}]},{\"@type\":\"BreadcrumbList\",\"@id\":\"https:\/\/johansundkvist.se\/da\/samarbejde-og-partnerskaber\/#breadcrumb\",\"itemListElement\":[{\"@type\":\"ListItem\",\"position\":1,\"name\":\"Hem\",\"item\":\"https:\/\/johansundkvist.se\/da\/johan-sundkvist\/\"},{\"@type\":\"ListItem\",\"position\":2,\"name\":\"Samarbejde og partnerskaber\"}]},{\"@type\":\"WebSite\",\"@id\":\"https:\/\/johansundkvist.se\/#website\",\"url\":\"https:\/\/johansundkvist.se\/\",\"name\":\"Johan Sundkvist\",\"description\":\"Inneh\u00e5ll i alla former\",\"potentialAction\":[{\"@type\":\"SearchAction\",\"target\":{\"@type\":\"EntryPoint\",\"urlTemplate\":\"https:\/\/johansundkvist.se\/?s={search_term_string}\"},\"query-input\":\"required name=search_term_string\"}],\"inLanguage\":\"da-DK\"}]}<\/script>\n<!-- \/ Yoast SEO plugin. -->","yoast_head_json":{"title":"Samarbejde og partnerskaber - Johan Sundkvist","robots":{"index":"index","follow":"follow","max-snippet":"max-snippet:-1","max-image-preview":"max-image-preview:large","max-video-preview":"max-video-preview:-1"},"canonical":"https:\/\/johansundkvist.se\/da\/samarbejde-og-partnerskaber\/","og_locale":"da_DK","og_type":"article","og_title":"Samarbejde og partnerskaber - Johan Sundkvist","og_description":"P\u00e5 johansundkvist.se tror jeg p\u00e5 styrken ved samarbejde. Sammen med n\u00f8je udvalgte partnere, brands og kolleger i blogverdenen har jeg udforsket teknologiens gr\u00e6nser, delt indsigter og skabt v\u00e6rdifuldt indhold til jer, mine k\u00e6re l\u00e6sere. Nedenfor er en oversigt over nogle af disse samarbejder, og hvordan de har beriget vores f\u00e6lles rejse i den digitale verden. [&hellip;]","og_url":"https:\/\/johansundkvist.se\/da\/samarbejde-og-partnerskaber\/","og_site_name":"Johan Sundkvist","article_modified_time":"2024-02-26T08:22:56+00:00","og_image":[{"width":800,"height":633,"url":"https:\/\/johansundkvist.se\/wp-content\/uploads\/2023\/02\/butterflies.jpg","type":"image\/jpeg"}],"twitter_card":"summary_large_image","twitter_misc":{"Estimeret l\u00e6setid":"1 minut"},"schema":{"@context":"https:\/\/schema.org","@graph":[{"@type":"WebPage","@id":"https:\/\/johansundkvist.se\/da\/samarbejde-og-partnerskaber\/","url":"https:\/\/johansundkvist.se\/da\/samarbejde-og-partnerskaber\/","name":"Samarbejde og partnerskaber - Johan Sundkvist","isPartOf":{"@id":"https:\/\/johansundkvist.se\/#website"},"datePublished":"2023-10-16T13:31:50+00:00","dateModified":"2024-02-26T08:22:56+00:00","breadcrumb":{"@id":"https:\/\/johansundkvist.se\/da\/samarbejde-og-partnerskaber\/#breadcrumb"},"inLanguage":"da-DK","potentialAction":[{"@type":"ReadAction","target":["https:\/\/johansundkvist.se\/da\/samarbejde-og-partnerskaber\/"]}]},{"@type":"BreadcrumbList","@id":"https:\/\/johansundkvist.se\/da\/samarbejde-og-partnerskaber\/#breadcrumb","itemListElement":[{"@type":"ListItem","position":1,"name":"Hem","item":"https:\/\/johansundkvist.se\/da\/johan-sundkvist\/"},{"@type":"ListItem","position":2,"name":"Samarbejde og partnerskaber"}]},{"@type":"WebSite","@id":"https:\/\/johansundkvist.se\/#website","url":"https:\/\/johansundkvist.se\/","name":"Johan Sundkvist","description":"Inneh\u00e5ll i alla former","potentialAction":[{"@type":"SearchAction","target":{"@type":"EntryPoint","urlTemplate":"https:\/\/johansundkvist.se\/?s={search_term_string}"},"query-input":"required name=search_term_string"}],"inLanguage":"da-DK"}]}},"_links":{"self":[{"href":"https:\/\/johansundkvist.se\/da\/wp-json\/wp\/v2\/pages\/4436","targetHints":{"allow":["GET"]}}],"collection":[{"href":"https:\/\/johansundkvist.se\/da\/wp-json\/wp\/v2\/pages"}],"about":[{"href":"https:\/\/johansundkvist.se\/da\/wp-json\/wp\/v2\/types\/page"}],"author":[{"embeddable":true,"href":"https:\/\/johansundkvist.se\/da\/wp-json\/wp\/v2\/users\/1"}],"replies":[{"embeddable":true,"href":"https:\/\/johansundkvist.se\/da\/wp-json\/wp\/v2\/comments?post=4436"}],"version-history":[{"count":1,"href":"https:\/\/johansundkvist.se\/da\/wp-json\/wp\/v2\/pages\/4436\/revisions"}],"predecessor-version":[{"id":4448,"href":"https:\/\/johansundkvist.se\/da\/wp-json\/wp\/v2\/pages\/4436\/revisions\/4448"}],"wp:featuredmedia":[{"embeddable":true,"href":"https:\/\/johansundkvist.se\/da\/wp-json\/wp\/v2\/media\/4011"}],"wp:attachment":[{"href":"https:\/\/johansundkvist.se\/da\/wp-json\/wp\/v2\/media?parent=4436"}],"curies":[{"name":"wp","href":"https:\/\/api.w.org\/{rel}","templated":true}]}}